{"id":5186,"date":"2021-05-10T10:17:10","date_gmt":"2021-05-10T10:17:10","guid":{"rendered":"https:\/\/amarsushibar.com\/take-away\/"},"modified":"2025-08-10T13:52:13","modified_gmt":"2025-08-10T13:52:13","slug":"take-away","status":"publish","type":"page","link":"https:\/\/amarsushibar.com\/de\/take-away\/","title":{"rendered":"Take away"},"content":{"rendered":"<h1>Sushi<\/h1>\n<p>\t\t<img decoding=\"async\" src=\"https:\/\/amarsushibar.com\/wp-content\/uploads\/2024\/11\/sushi-roll-del-chef-amar-sushibar-2.jpg\"><\/p>\n<h4>Chef\u2019s Sushi-Rolle (8 St\u00fcck)<\/h4>\n<p>17 \u20ac<\/p>\n<p>Zubereitet mit den frischesten Zutaten vom Markt. Jeden Tag neue Kreationen!<\/p>\n<h6><i>(Zum Beispiel: Thunfisch, Lachs, Tempura-Garnelen, Foie Gras, saisonaler Fisch, scharf oder nicht scharf, flambiert, Gurke, glutenfreie Optionen und mehr.)<\/i><\/h6>\n<ul>\n<li>\n\t\t\t\t\t\t\t\t\t\tSushi-Rollen-Platten\n\t\t\t\t\t\t\t\t\t<\/li>\n<\/ul>\n<ul>\n<li>\n\t\t\t\t\t\t\t\t\t\t16 St\u00fcck <b>34 \u20ac<\/b>\n\t\t\t\t\t\t\t\t\t<\/li>\n<li>\n\t\t\t\t\t\t\t\t\t\t20 St\u00fcck <b>40 \u20ac<\/b>\n\t\t\t\t\t\t\t\t\t<\/li>\n<li>\n\t\t\t\t\t\t\t\t\t\t24 St\u00fcck <b>45 \u20ac<\/b>\n\t\t\t\t\t\t\t\t\t<\/li>\n<\/ul>\n<ul>\n<li>\n\t\t\t\t\t\t\t\t\t\tW\u00e4hlen Sie aus:\n\t\t\t\t\t\t\t\t\t<\/li>\n<li>\n\t\t\t\t\t\t\t\t\t<\/li>\n<\/ul>\n<ul>\n<li>\n\t\t\t\t\t\t\t\t\t\t<u>Pica roll<\/u>\n\t\t\t\t\t\t\t\t\t<\/li>\n<li>\n\t\t\t\t\t\t\t\t\t\tAvocado, Gurke, <i>Bluefin-Thunfisch<\/i>, scharfe So\u00dfe und Chilif\u00e4den\n\t\t\t\t\t\t\t\t\t<\/li>\n<li>\n\t\t\t\t\t\t\t\t\t\t<u>Flambierte Lachs-Spezialit\u00e4t<\/u>\n\t\t\t\t\t\t\t\t\t<\/li>\n<li>\n\t\t\t\t\t\t\t\t\t\tAvocado, flambierter Lachs, s\u00fc\u00dfes Miso und Korianderbl\u00fcten.\n\t\t\t\t\t\t\t\t\t<\/li>\n<li>\n\t\t\t\t\t\t\t\t\t\t<u>Foie<\/u>\n\t\t\t\t\t\t\t\t\t<\/li>\n<li>\n\t\t\t\t\t\t\t\t\t\tAvocado, Quitte oder Feigen, Foie Gras und Tr\u00fcffelhonig.\n\t\t\t\t\t\t\t\t\t<\/li>\n<li>\n\t\t\t\t\t\t\t\t\t\t<u>Spicy Salmon<\/u>\n\t\t\t\t\t\t\t\t\t<\/li>\n<li>\n\t\t\t\t\t\t\t\t\t\tAvocado, Lachs, Zuckererbsen, Lachstopping und scharfe Mayo.\n\t\t\t\t\t\t\t\t\t<\/li>\n<li>\n\t\t\t\t\t\t\t\t\t\t<u>Norwegisch<\/u>\n\t\t\t\t\t\t\t\t\t<\/li>\n<li>\n\t\t\t\t\t\t\t\t\t\tMango, Lachs, Avocado-Topping, Teriyaki-So\u00dfe und Radieschensprossen.\n\t\t\t\t\t\t\t\t\t<\/li>\n<li>\n\t\t\t\t\t\t\t\t\t\t<u>Saisonaler Fisch<\/u>\n\t\t\t\t\t\t\t\t\t<\/li>\n<li>\n\t\t\t\t\t\t\t\t\t\tJe nach Verf\u00fcgbarkeit.\n\t\t\t\t\t\t\t\t\t<\/li>\n<li>\n\t\t\t\t\t\t\t\t\t\t<u>Garnele und S\u00f3ller-Gamba<\/u>\n\t\t\t\t\t\t\t\t\t<\/li>\n<li>\n\t\t\t\t\t\t\t\t\t\tTempura-Garnele mit rotem S\u00f3ller-Gamba-Topping, Wasabi Lozano und Lumpfischkaviar.\n\t\t\t\t\t\t\t\t\t<\/li>\n<li>\n\t\t\t\t\t\t\t\t\t\t<u>Thunfisch und Spargel<\/u>\n\t\t\t\t\t\t\t\t\t<\/li>\n<li>\n\t\t\t\t\t\t\t\t\t\tAvocado, gr\u00fcner Spargel, Bluefin-Thunfisch, Thunfischtopping und Tr\u00fcffelmayonnaise.\n\t\t\t\t\t\t\t\t\t<\/li>\n<\/ul>\n<h1>Take Away<\/h1>\n<p>\t\t<img decoding=\"async\" src=\"https:\/\/amarsushibar.com\/wp-content\/uploads\/2024\/11\/calamar-amar-sushibar.jpg\"><\/p>\n<h4>Tintenfisch mit Knoblauch \u2018a la Bruta\u2019 in eigener Tinte<\/h4>\n<p>24 \u20ac<\/p>\n<p>Frischer Tintenfisch, in eigener Tinte mit Knoblauch zubereitet<\/p>\n<p>\t\t<img decoding=\"async\" src=\"https:\/\/amarsushibar.com\/wp-content\/uploads\/2024\/11\/gambas-de-soller-amar-sushibar.jpg\"><\/p>\n<h4>S\u00f3ller-Garnelen in Knoblauchso\u00dfe<\/h4>\n<p>21 \u20ac<\/p>\n<p>K\u00f6stliche rote Garnelen aus S\u00f3ller in Knoblauchso\u00dfe \u2013 ein kulinarisches Highlight Mallorcas.<\/p>\n<p>\t\t<img decoding=\"async\" src=\"https:\/\/amarsushibar.com\/wp-content\/uploads\/2024\/11\/boquerones-amar-sushibar.jpg\"><\/p>\n<h4>Marinierte Sardellen<\/h4>\n<p>12 \u20ac<\/p>\n<p>Sardellen in Essig mariniert, frisch und leich<\/p>\n<p>\t\t<img decoding=\"async\" src=\"https:\/\/amarsushibar.com\/wp-content\/uploads\/2024\/11\/ceviche-amar-sushibar.jpg\"><\/p>\n<h4>Mexikanisches Ceviche<\/h4>\n<p>20 \u20ac<\/p>\n<p>Wei\u00dffisch und Garnelen in Limettensaft mit Koriander, roten Zwiebeln, Tomaten, Avocado, Salz und einem Hauch Sch\u00e4rfe.<\/p>\n<p>\t\t<img decoding=\"async\" src=\"https:\/\/amarsushibar.com\/wp-content\/uploads\/2024\/11\/croquetas-y-empanadas-amar-sushibar.jpg\"><\/p>\n<h4>Hausgemischter Mix aus Kroketten und Empanadas<\/h4>\n<p>7,50 \u20ac<\/p>\n<p>3 St\u00fcck &#8211; Jede Woche ein neuer Geschmack, zubereitet mit den frischesten Zutaten vom Markt.<\/p>\n<p>\t\t<img decoding=\"async\" src=\"https:\/\/amarsushibar.com\/wp-content\/uploads\/2024\/11\/ostras-amar-sushibar.jpg\"><\/p>\n<h4>Franz\u00f6sische Gillardeau-Auster Nr. 2<\/h4>\n<p>5,60 \u20ac<\/p>\n<p>1 St\u00fcck &#8211; Frische Gillardeau-Auster, serviert mit Zitrone.<\/p>\n<p>\t\t<img decoding=\"async\" src=\"https:\/\/amarsushibar.com\/wp-content\/uploads\/2024\/11\/ostras-takeaway-amar-sushibar.jpg\"><\/p>\n<h4>Austernbox + Flasche Cava<\/h4>\n<p>125 \u20ac<\/p>\n<p>(Nur auf Bestellung) Genie\u00dfen Sie eine Box mit Gillardeau-Austern Nr. 2, begleitet von einer Flasche Cava brut nature, wei\u00df oder ros\u00e9, f\u00fcr einen luxuri\u00f6sen Moment, wo auch immer Sie sind.<\/p>\n<p>\t\t\t<a rel=\"nofollow\" target=\"_blank\" href=\"\"><\/p>\n<p>Sonderangebot<\/p>\n<p><\/a><\/p>\n<h3>Ihr AMAR-Moment beginnt hier<\/h3>\n<p>\t\t\t\t\t<a href=\"https:\/\/api.whatsapp.com\/send?phone=+34643745265&#038;text=%C2%A1Hola!\"><br \/>\n\t\t\t\t<svg aria-hidden=\"true\" viewBox=\"0 0 448 512\" xmlns=\"http:\/\/www.w3.org\/2000\/svg\"><path d=\"M380.9 97.1C339 55.1 283.2 32 223.9 32c-122.4 0-222 99.6-222 222 0 39.1 10.2 77.3 29.6 111L0 480l117.7-30.9c32.4 17.7 68.9 27 106.1 27h.1c122.3 0 224.1-99.6 224.1-222 0-59.3-25.2-115-67.1-157zm-157 341.6c-33.2 0-65.7-8.9-94-25.7l-6.7-4-69.8 18.3L72 359.2l-4.4-7c-18.5-29.4-28.2-63.3-28.2-98.2 0-101.7 82.8-184.5 184.6-184.5 49.3 0 95.6 19.2 130.4 54.1 34.8 34.9 56.2 81.2 56.1 130.5 0 101.8-84.9 184.6-186.6 184.6zm101.2-138.2c-5.5-2.8-32.8-16.2-37.9-18-5.1-1.9-8.8-2.8-12.5 2.8-3.7 5.6-14.3 18-17.6 21.8-3.2 3.7-6.5 4.2-12 1.4-32.6-16.3-54-29.1-75.5-66-5.7-9.8 5.7-9.1 16.3-30.3 1.8-3.7.9-6.9-.5-9.7-1.4-2.8-12.5-30.1-17.1-41.2-4.5-10.8-9.1-9.3-12.5-9.5-3.2-.2-6.9-.2-10.6-.2-3.7 0-9.7 1.4-14.8 6.9-5.1 5.6-19.4 19-19.4 46.3 0 27.3 19.9 53.7 22.6 57.4 2.8 3.7 39.1 59.7 94.8 83.8 35.2 15.2 49 16.5 66.6 13.9 10.7-1.6 32.8-13.4 37.4-26.4 4.6-13 4.6-24.1 3.2-26.4-1.3-2.5-5-3.9-10.5-6.6z\"><\/path><\/svg><br \/>\n\t\t\t\t\t\t\t\t\tBESTELLEN SIE JETZT<br \/>\n\t\t\t\t\t<\/a><\/p>\n","protected":false},"excerpt":{"rendered":"<p>Sushi Chef\u2019s Sushi-Rolle (8 St\u00fcck) 17 \u20ac Zubereitet mit den frischesten Zutaten vom Markt. Jeden Tag neue Kreationen! (Zum Beispiel: Thunfisch, Lachs, Tempura-Garnelen, Foie Gras, saisonaler Fisch, scharf oder nicht scharf, flambiert, Gurke, glutenfreie Optionen und mehr.) Sushi-Rollen-Platten 16 St\u00fcck 34 \u20ac 20 St\u00fcck 40 \u20ac 24 St\u00fcck 45 \u20ac W\u00e4hlen Sie aus: Pica roll [&hellip;]<\/p>\n","protected":false},"author":1,"featured_media":5343,"parent":0,"menu_order":0,"comment_status":"closed","ping_status":"closed","template":"","meta":{"footnotes":""},"class_list":["post-5186","page","type-page","status-publish","has-post-thumbnail","hentry"],"yoast_head":"<!-- This site is optimized with the Yoast SEO plugin v25.4 - https:\/\/yoast.com\/wordpress\/plugins\/seo\/ -->\n<title>Take Away | Sushi &amp; Seafood AMAR in Palma<\/title>\n<meta name=\"description\" content=\"Enjoy the best sushi and seafood to-go at AMAR, Mercat de Santa Catalina, Palma. Fresh and delicious dishes ready to take away.\" \/>\n<meta name=\"robots\" content=\"index, follow, max-snippet:-1, max-image-preview:large, max-video-preview:-1\" \/>\n<link rel=\"canonical\" href=\"https:\/\/amarsushibar.com\/de\/take-away\/\" \/>\n<meta property=\"og:locale\" content=\"de_DE\" \/>\n<meta property=\"og:type\" content=\"article\" \/>\n<meta property=\"og:title\" content=\"Take Away | Sushi &amp; Seafood AMAR in Palma\" \/>\n<meta property=\"og:description\" content=\"Enjoy the best sushi and seafood to-go at AMAR, Mercat de Santa Catalina, Palma. Fresh and delicious dishes ready to take away.\" \/>\n<meta property=\"og:url\" content=\"https:\/\/amarsushibar.com\/de\/take-away\/\" \/>\n<meta property=\"og:site_name\" content=\"AMAR Sushi Bar\" \/>\n<meta property=\"article:modified_time\" content=\"2025-08-10T13:52:13+00:00\" \/>\n<meta property=\"og:image\" content=\"https:\/\/amarsushibar.com\/wp-content\/uploads\/2024\/12\/amar-sushibar-catering.png\" \/>\n\t<meta property=\"og:image:width\" content=\"1080\" \/>\n\t<meta property=\"og:image:height\" content=\"1080\" \/>\n\t<meta property=\"og:image:type\" content=\"image\/png\" \/>\n<meta name=\"twitter:card\" content=\"summary_large_image\" \/>\n<meta name=\"twitter:label1\" content=\"Gesch\u00e4tzte Lesezeit\" \/>\n\t<meta name=\"twitter:data1\" content=\"3\u00a0Minuten\" \/>\n<script type=\"application\/ld+json\" class=\"yoast-schema-graph\">{\"@context\":\"https:\/\/schema.org\",\"@graph\":[{\"@type\":\"WebPage\",\"@id\":\"https:\/\/amarsushibar.com\/de\/take-away\/\",\"url\":\"https:\/\/amarsushibar.com\/de\/take-away\/\",\"name\":\"Take Away | Sushi & Seafood AMAR in Palma\",\"isPartOf\":{\"@id\":\"https:\/\/amarsushibar.com\/de\/#website\"},\"primaryImageOfPage\":{\"@id\":\"https:\/\/amarsushibar.com\/de\/take-away\/#primaryimage\"},\"image\":{\"@id\":\"https:\/\/amarsushibar.com\/de\/take-away\/#primaryimage\"},\"thumbnailUrl\":\"https:\/\/amarsushibar.com\/wp-content\/uploads\/2024\/12\/amar-sushibar-catering.png\",\"datePublished\":\"2021-05-10T10:17:10+00:00\",\"dateModified\":\"2025-08-10T13:52:13+00:00\",\"description\":\"Enjoy the best sushi and seafood to-go at AMAR, Mercat de Santa Catalina, Palma. Fresh and delicious dishes ready to take away.\",\"breadcrumb\":{\"@id\":\"https:\/\/amarsushibar.com\/de\/take-away\/#breadcrumb\"},\"inLanguage\":\"de\",\"potentialAction\":[{\"@type\":\"ReadAction\",\"target\":[\"https:\/\/amarsushibar.com\/de\/take-away\/\"]}]},{\"@type\":\"ImageObject\",\"inLanguage\":\"de\",\"@id\":\"https:\/\/amarsushibar.com\/de\/take-away\/#primaryimage\",\"url\":\"https:\/\/amarsushibar.com\/wp-content\/uploads\/2024\/12\/amar-sushibar-catering.png\",\"contentUrl\":\"https:\/\/amarsushibar.com\/wp-content\/uploads\/2024\/12\/amar-sushibar-catering.png\",\"width\":1080,\"height\":1080,\"caption\":\"Amar sushibar catering\"},{\"@type\":\"BreadcrumbList\",\"@id\":\"https:\/\/amarsushibar.com\/de\/take-away\/#breadcrumb\",\"itemListElement\":[{\"@type\":\"ListItem\",\"position\":1,\"name\":\"Portada\",\"item\":\"https:\/\/amarsushibar.com\/de\/\"},{\"@type\":\"ListItem\",\"position\":2,\"name\":\"Take away\"}]},{\"@type\":\"WebSite\",\"@id\":\"https:\/\/amarsushibar.com\/de\/#website\",\"url\":\"https:\/\/amarsushibar.com\/de\/\",\"name\":\"AMAR Sushi Bar\",\"description\":\"Disfruta de los sabores frescos del mar en AMAR Sushi Bar: sushi artesanal, ostras, ceviche y m\u00e1s, con mariscos del mercado, acompa\u00f1ados de una cuidada selecci\u00f3n de vinos y un ambiente vibrante.\",\"publisher\":{\"@id\":\"https:\/\/amarsushibar.com\/de\/#organization\"},\"potentialAction\":[{\"@type\":\"SearchAction\",\"target\":{\"@type\":\"EntryPoint\",\"urlTemplate\":\"https:\/\/amarsushibar.com\/de\/?s={search_term_string}\"},\"query-input\":{\"@type\":\"PropertyValueSpecification\",\"valueRequired\":true,\"valueName\":\"search_term_string\"}}],\"inLanguage\":\"de\"},{\"@type\":\"Organization\",\"@id\":\"https:\/\/amarsushibar.com\/de\/#organization\",\"name\":\"AMAR Sushi Bar\",\"url\":\"https:\/\/amarsushibar.com\/de\/\",\"logo\":{\"@type\":\"ImageObject\",\"inLanguage\":\"de\",\"@id\":\"https:\/\/amarsushibar.com\/de\/#\/schema\/logo\/image\/\",\"url\":\"https:\/\/amarsushibar.com\/wp-content\/uploads\/2024\/10\/logo-amar-sushibar.png\",\"contentUrl\":\"https:\/\/amarsushibar.com\/wp-content\/uploads\/2024\/10\/logo-amar-sushibar.png\",\"width\":512,\"height\":441,\"caption\":\"AMAR Sushi Bar\"},\"image\":{\"@id\":\"https:\/\/amarsushibar.com\/de\/#\/schema\/logo\/image\/\"},\"sameAs\":[\"https:\/\/www.instagram.com\/amar_sushibar\"]}]}<\/script>\n<!-- \/ Yoast SEO plugin. -->","yoast_head_json":{"title":"Take Away | Sushi & Seafood AMAR in Palma","description":"Enjoy the best sushi and seafood to-go at AMAR, Mercat de Santa Catalina, Palma. Fresh and delicious dishes ready to take away.","robots":{"index":"index","follow":"follow","max-snippet":"max-snippet:-1","max-image-preview":"max-image-preview:large","max-video-preview":"max-video-preview:-1"},"canonical":"https:\/\/amarsushibar.com\/de\/take-away\/","og_locale":"de_DE","og_type":"article","og_title":"Take Away | Sushi & Seafood AMAR in Palma","og_description":"Enjoy the best sushi and seafood to-go at AMAR, Mercat de Santa Catalina, Palma. Fresh and delicious dishes ready to take away.","og_url":"https:\/\/amarsushibar.com\/de\/take-away\/","og_site_name":"AMAR Sushi Bar","article_modified_time":"2025-08-10T13:52:13+00:00","og_image":[{"width":1080,"height":1080,"url":"https:\/\/amarsushibar.com\/wp-content\/uploads\/2024\/12\/amar-sushibar-catering.png","type":"image\/png"}],"twitter_card":"summary_large_image","twitter_misc":{"Gesch\u00e4tzte Lesezeit":"3\u00a0Minuten"},"schema":{"@context":"https:\/\/schema.org","@graph":[{"@type":"WebPage","@id":"https:\/\/amarsushibar.com\/de\/take-away\/","url":"https:\/\/amarsushibar.com\/de\/take-away\/","name":"Take Away | Sushi & Seafood AMAR in Palma","isPartOf":{"@id":"https:\/\/amarsushibar.com\/de\/#website"},"primaryImageOfPage":{"@id":"https:\/\/amarsushibar.com\/de\/take-away\/#primaryimage"},"image":{"@id":"https:\/\/amarsushibar.com\/de\/take-away\/#primaryimage"},"thumbnailUrl":"https:\/\/amarsushibar.com\/wp-content\/uploads\/2024\/12\/amar-sushibar-catering.png","datePublished":"2021-05-10T10:17:10+00:00","dateModified":"2025-08-10T13:52:13+00:00","description":"Enjoy the best sushi and seafood to-go at AMAR, Mercat de Santa Catalina, Palma. Fresh and delicious dishes ready to take away.","breadcrumb":{"@id":"https:\/\/amarsushibar.com\/de\/take-away\/#breadcrumb"},"inLanguage":"de","potentialAction":[{"@type":"ReadAction","target":["https:\/\/amarsushibar.com\/de\/take-away\/"]}]},{"@type":"ImageObject","inLanguage":"de","@id":"https:\/\/amarsushibar.com\/de\/take-away\/#primaryimage","url":"https:\/\/amarsushibar.com\/wp-content\/uploads\/2024\/12\/amar-sushibar-catering.png","contentUrl":"https:\/\/amarsushibar.com\/wp-content\/uploads\/2024\/12\/amar-sushibar-catering.png","width":1080,"height":1080,"caption":"Amar sushibar catering"},{"@type":"BreadcrumbList","@id":"https:\/\/amarsushibar.com\/de\/take-away\/#breadcrumb","itemListElement":[{"@type":"ListItem","position":1,"name":"Portada","item":"https:\/\/amarsushibar.com\/de\/"},{"@type":"ListItem","position":2,"name":"Take away"}]},{"@type":"WebSite","@id":"https:\/\/amarsushibar.com\/de\/#website","url":"https:\/\/amarsushibar.com\/de\/","name":"AMAR Sushi Bar","description":"Disfruta de los sabores frescos del mar en AMAR Sushi Bar: sushi artesanal, ostras, ceviche y m\u00e1s, con mariscos del mercado, acompa\u00f1ados de una cuidada selecci\u00f3n de vinos y un ambiente vibrante.","publisher":{"@id":"https:\/\/amarsushibar.com\/de\/#organization"},"potentialAction":[{"@type":"SearchAction","target":{"@type":"EntryPoint","urlTemplate":"https:\/\/amarsushibar.com\/de\/?s={search_term_string}"},"query-input":{"@type":"PropertyValueSpecification","valueRequired":true,"valueName":"search_term_string"}}],"inLanguage":"de"},{"@type":"Organization","@id":"https:\/\/amarsushibar.com\/de\/#organization","name":"AMAR Sushi Bar","url":"https:\/\/amarsushibar.com\/de\/","logo":{"@type":"ImageObject","inLanguage":"de","@id":"https:\/\/amarsushibar.com\/de\/#\/schema\/logo\/image\/","url":"https:\/\/amarsushibar.com\/wp-content\/uploads\/2024\/10\/logo-amar-sushibar.png","contentUrl":"https:\/\/amarsushibar.com\/wp-content\/uploads\/2024\/10\/logo-amar-sushibar.png","width":512,"height":441,"caption":"AMAR Sushi Bar"},"image":{"@id":"https:\/\/amarsushibar.com\/de\/#\/schema\/logo\/image\/"},"sameAs":["https:\/\/www.instagram.com\/amar_sushibar"]}]}},"_links":{"self":[{"href":"https:\/\/amarsushibar.com\/de\/wp-json\/wp\/v2\/pages\/5186","targetHints":{"allow":["GET"]}}],"collection":[{"href":"https:\/\/amarsushibar.com\/de\/wp-json\/wp\/v2\/pages"}],"about":[{"href":"https:\/\/amarsushibar.com\/de\/wp-json\/wp\/v2\/types\/page"}],"author":[{"embeddable":true,"href":"https:\/\/amarsushibar.com\/de\/wp-json\/wp\/v2\/users\/1"}],"replies":[{"embeddable":true,"href":"https:\/\/amarsushibar.com\/de\/wp-json\/wp\/v2\/comments?post=5186"}],"version-history":[{"count":3,"href":"https:\/\/amarsushibar.com\/de\/wp-json\/wp\/v2\/pages\/5186\/revisions"}],"predecessor-version":[{"id":5194,"href":"https:\/\/amarsushibar.com\/de\/wp-json\/wp\/v2\/pages\/5186\/revisions\/5194"}],"wp:featuredmedia":[{"embeddable":true,"href":"https:\/\/amarsushibar.com\/de\/wp-json\/wp\/v2\/media\/5343"}],"wp:attachment":[{"href":"https:\/\/amarsushibar.com\/de\/wp-json\/wp\/v2\/media?parent=5186"}],"curies":[{"name":"wp","href":"https:\/\/api.w.org\/{rel}","templated":true}]}}