{"id":5185,"date":"2021-05-10T10:17:10","date_gmt":"2021-05-10T10:17:10","guid":{"rendered":"https:\/\/amarsushibar.com\/take-away\/"},"modified":"2025-08-10T13:52:13","modified_gmt":"2025-08-10T13:52:13","slug":"take-away","status":"publish","type":"page","link":"https:\/\/amarsushibar.com\/en\/take-away\/","title":{"rendered":"Take away"},"content":{"rendered":"<h1>Sushi<\/h1>\n<p>\t\t<img decoding=\"async\" src=\"https:\/\/amarsushibar.com\/wp-content\/uploads\/2024\/11\/sushi-roll-del-chef-amar-sushibar-2.jpg\"><\/p>\n<h4>Chef\u2019s Sushi Roll (8 PCs)<\/h4>\n<p>17 \u20ac<\/p>\n<p>Prepared with the freshest ingredients from the market. New creations daily!<\/p>\n<h6><i>(Examples: tuna, salmon, tempura prawn, foie gras, seasonal fish, spicy or non-spicy, flamb\u00e9ed, cucumber, gluten-free options, etc.)<\/i><\/h6>\n<ul>\n<li>\n\t\t\t\t\t\t\t\t\t\tSushi Roll Platters\n\t\t\t\t\t\t\t\t\t<\/li>\n<\/ul>\n<ul>\n<li>\n\t\t\t\t\t\t\t\t\t\t16 Pieces <b>34 \u20ac<\/b>\n\t\t\t\t\t\t\t\t\t<\/li>\n<li>\n\t\t\t\t\t\t\t\t\t\t20 Pieces <b>40 \u20ac<\/b>\n\t\t\t\t\t\t\t\t\t<\/li>\n<li>\n\t\t\t\t\t\t\t\t\t\t24 Pieces <b>45 \u20ac<\/b>\n\t\t\t\t\t\t\t\t\t<\/li>\n<\/ul>\n<ul>\n<li>\n\t\t\t\t\t\t\t\t\t\tChoose from:\n\t\t\t\t\t\t\t\t\t<\/li>\n<li>\n\t\t\t\t\t\t\t\t\t<\/li>\n<\/ul>\n<ul>\n<li>\n\t\t\t\t\t\t\t\t\t\t<u>Pica roll<\/u>\n\t\t\t\t\t\t\t\t\t<\/li>\n<li>\n\t\t\t\t\t\t\t\t\t\tAvocado, cucumber, <i>bluefin tuna<\/i>, spicy sauce y chili threads\n\t\t\t\t\t\t\t\t\t<\/li>\n<li>\n\t\t\t\t\t\t\t\t\t\t<u>Flamed Salmon Special<\/u>\n\t\t\t\t\t\t\t\t\t<\/li>\n<li>\n\t\t\t\t\t\t\t\t\t\tAvocado, flamed salmon, sweet miso, and coriander blossoms.\n\t\t\t\t\t\t\t\t\t<\/li>\n<li>\n\t\t\t\t\t\t\t\t\t\t<u>Foie<\/u>\n\t\t\t\t\t\t\t\t\t<\/li>\n<li>\n\t\t\t\t\t\t\t\t\t\tAvocado, quince or figs, foie gras, and truffle honey.\n\t\t\t\t\t\t\t\t\t<\/li>\n<li>\n\t\t\t\t\t\t\t\t\t\t<u>Spicy Salmon<\/u>\n\t\t\t\t\t\t\t\t\t<\/li>\n<li>\n\t\t\t\t\t\t\t\t\t\tAvocado, salmon, tirabeque, salmon topping, and spicy mayo.\n\t\t\t\t\t\t\t\t\t<\/li>\n<li>\n\t\t\t\t\t\t\t\t\t\t<u>Norwegian<\/u>\n\t\t\t\t\t\t\t\t\t<\/li>\n<li>\n\t\t\t\t\t\t\t\t\t\tMango, salmon, avocado topping, teriyaki sauce, and radish sprouts.\n\t\t\t\t\t\t\t\t\t<\/li>\n<li>\n\t\t\t\t\t\t\t\t\t\t<u>Seasonal Fish<\/u>\n\t\t\t\t\t\t\t\t\t<\/li>\n<li>\n\t\t\t\t\t\t\t\t\t\tAvailability subject to the season.\n\t\t\t\t\t\t\t\t\t<\/li>\n<li>\n\t\t\t\t\t\t\t\t\t\t<u>Prawn and S\u00f3ller Shrimp<\/u>\n\t\t\t\t\t\t\t\t\t<\/li>\n<li>\n\t\t\t\t\t\t\t\t\t\tTempura prawn with red S\u00f3ller shrimp topping, wasabi Lozano, and lumpfish roe.\n\t\t\t\t\t\t\t\t\t<\/li>\n<li>\n\t\t\t\t\t\t\t\t\t\t<u>Tuna and Asparagus<\/u>\n\t\t\t\t\t\t\t\t\t<\/li>\n<li>\n\t\t\t\t\t\t\t\t\t\tAvocado, green asparagus, bluefin tuna, tuna topping, and truffle mayo.\n\t\t\t\t\t\t\t\t\t<\/li>\n<\/ul>\n<h1>Take Away<\/h1>\n<p>\t\t<img decoding=\"async\" src=\"https:\/\/amarsushibar.com\/wp-content\/uploads\/2024\/11\/calamar-amar-sushibar.jpg\"><\/p>\n<h4>Calamari with Garlic &#8216;A la Bruta&#8217; in its Ink<\/h4>\n<p>24 \u20ac<\/p>\n<p>Fresh calamari cooked in its own ink with garlic.<\/p>\n<p>\t\t<img decoding=\"async\" src=\"https:\/\/amarsushibar.com\/wp-content\/uploads\/2024\/11\/gambas-de-soller-amar-sushibar.jpg\"><\/p>\n<h4>S\u00f3ller Prawns with Garlic<\/h4>\n<p>21 \u20ac<\/p>\n<p>Delicious red prawns from S\u00f3ller prepared with garlic\u2014a true culinary treasure of Mallorca.<\/p>\n<p>\t\t<img decoding=\"async\" src=\"https:\/\/amarsushibar.com\/wp-content\/uploads\/2024\/11\/boquerones-amar-sushibar.jpg\"><\/p>\n<h4>Marinated Anchovies<\/h4>\n<p>12 \u20ac<\/p>\n<p>Anchovies marinated in vinegar, fresh and light.<\/p>\n<p>\t\t<img decoding=\"async\" src=\"https:\/\/amarsushibar.com\/wp-content\/uploads\/2024\/11\/ceviche-amar-sushibar.jpg\"><\/p>\n<h4>Mexican Ceviche<\/h4>\n<p>20 \u20ac<\/p>\n<p>White fish and prawns in lime juice, coriander, red onion, tomato, avocado, salt, and a spicy kick.<\/p>\n<p>\t\t<img decoding=\"async\" src=\"https:\/\/amarsushibar.com\/wp-content\/uploads\/2024\/11\/croquetas-y-empanadas-amar-sushibar.jpg\"><\/p>\n<h4>Homemade Croquettes and Empanadas Mix<\/h4>\n<p>7,50 \u20ac<\/p>\n<p>3 pieces &#8211; A new flavour every week, made with the freshest market ingredients.<\/p>\n<p>\t\t<img decoding=\"async\" src=\"https:\/\/amarsushibar.com\/wp-content\/uploads\/2024\/11\/ostras-amar-sushibar.jpg\"><\/p>\n<h4>French Gillardeau Oyster No.2<\/h4>\n<p>5,60 \u20ac<\/p>\n<p>1 piece &#8211; Fresh Gillardeau oyster served with lemon.<\/p>\n<p>\t\t<img decoding=\"async\" src=\"https:\/\/amarsushibar.com\/wp-content\/uploads\/2024\/11\/ostras-takeaway-amar-sushibar.jpg\"><\/p>\n<h4>Oyster Box + Bottle of Cava<\/h4>\n<p>125 \u20ac<\/p>\n<p>(Pre-order required) Enjoy a box of Gillardeau No. 2 oysters paired with a bottle of brut nature cava, white or ros\u00e9, for a luxurious moment wherever you are.<\/p>\n<p>\t\t\t<a rel=\"nofollow\" target=\"_blank\" href=\"\"><\/p>\n<p>Special Offer<\/p>\n<p><\/a><\/p>\n<h3>Your AMAR moment starts here<\/h3>\n<p>\t\t\t\t\t<a href=\"https:\/\/api.whatsapp.com\/send?phone=+34643745265&#038;text=%C2%A1Hola!\"><br \/>\n\t\t\t\t<svg aria-hidden=\"true\" viewBox=\"0 0 448 512\" xmlns=\"http:\/\/www.w3.org\/2000\/svg\"><path d=\"M380.9 97.1C339 55.1 283.2 32 223.9 32c-122.4 0-222 99.6-222 222 0 39.1 10.2 77.3 29.6 111L0 480l117.7-30.9c32.4 17.7 68.9 27 106.1 27h.1c122.3 0 224.1-99.6 224.1-222 0-59.3-25.2-115-67.1-157zm-157 341.6c-33.2 0-65.7-8.9-94-25.7l-6.7-4-69.8 18.3L72 359.2l-4.4-7c-18.5-29.4-28.2-63.3-28.2-98.2 0-101.7 82.8-184.5 184.6-184.5 49.3 0 95.6 19.2 130.4 54.1 34.8 34.9 56.2 81.2 56.1 130.5 0 101.8-84.9 184.6-186.6 184.6zm101.2-138.2c-5.5-2.8-32.8-16.2-37.9-18-5.1-1.9-8.8-2.8-12.5 2.8-3.7 5.6-14.3 18-17.6 21.8-3.2 3.7-6.5 4.2-12 1.4-32.6-16.3-54-29.1-75.5-66-5.7-9.8 5.7-9.1 16.3-30.3 1.8-3.7.9-6.9-.5-9.7-1.4-2.8-12.5-30.1-17.1-41.2-4.5-10.8-9.1-9.3-12.5-9.5-3.2-.2-6.9-.2-10.6-.2-3.7 0-9.7 1.4-14.8 6.9-5.1 5.6-19.4 19-19.4 46.3 0 27.3 19.9 53.7 22.6 57.4 2.8 3.7 39.1 59.7 94.8 83.8 35.2 15.2 49 16.5 66.6 13.9 10.7-1.6 32.8-13.4 37.4-26.4 4.6-13 4.6-24.1 3.2-26.4-1.3-2.5-5-3.9-10.5-6.6z\"><\/path><\/svg><br \/>\n\t\t\t\t\t\t\t\t\tPLACE YOUR ORDER<br \/>\n\t\t\t\t\t<\/a><\/p>\n","protected":false},"excerpt":{"rendered":"<p>Sushi Chef\u2019s Sushi Roll (8 PCs) 17 \u20ac Prepared with the freshest ingredients from the market. New creations daily! (Examples: tuna, salmon, tempura prawn, foie gras, seasonal fish, spicy or non-spicy, flamb\u00e9ed, cucumber, gluten-free options, etc.) Sushi Roll Platters 16 Pieces 34 \u20ac 20 Pieces 40 \u20ac 24 Pieces 45 \u20ac Choose from: Pica roll [&hellip;]<\/p>\n","protected":false},"author":1,"featured_media":5342,"parent":0,"menu_order":0,"comment_status":"closed","ping_status":"closed","template":"","meta":{"footnotes":""},"class_list":["post-5185","page","type-page","status-publish","has-post-thumbnail","hentry"],"yoast_head":"<!-- This site is optimized with the Yoast SEO plugin v25.4 - https:\/\/yoast.com\/wordpress\/plugins\/seo\/ -->\n<title>Take Away | Sushi &amp; Meeresfr\u00fcchte AMAR in Palma<\/title>\n<meta name=\"description\" content=\"Genie\u00dfen Sie frisches Sushi und Meeresfr\u00fcchte zum Mitnehmen bei AMAR, Mercat de Santa Catalina, Palma. Frische und k\u00f6stliche Gerichte zum Mitnehmen.\" \/>\n<meta name=\"robots\" content=\"index, follow, max-snippet:-1, max-image-preview:large, max-video-preview:-1\" \/>\n<link rel=\"canonical\" href=\"https:\/\/amarsushibar.com\/en\/take-away\/\" \/>\n<meta property=\"og:locale\" content=\"en_US\" \/>\n<meta property=\"og:type\" content=\"article\" \/>\n<meta property=\"og:title\" content=\"Take Away | Sushi &amp; Meeresfr\u00fcchte AMAR in Palma\" \/>\n<meta property=\"og:description\" content=\"Genie\u00dfen Sie frisches Sushi und Meeresfr\u00fcchte zum Mitnehmen bei AMAR, Mercat de Santa Catalina, Palma. Frische und k\u00f6stliche Gerichte zum Mitnehmen.\" \/>\n<meta property=\"og:url\" content=\"https:\/\/amarsushibar.com\/en\/take-away\/\" \/>\n<meta property=\"og:site_name\" content=\"AMAR Sushi Bar\" \/>\n<meta property=\"article:modified_time\" content=\"2025-08-10T13:52:13+00:00\" \/>\n<meta property=\"og:image\" content=\"https:\/\/amarsushibar.com\/wp-content\/uploads\/2024\/12\/amar-sushibar-catering.png\" \/>\n\t<meta property=\"og:image:width\" content=\"1080\" \/>\n\t<meta property=\"og:image:height\" content=\"1080\" \/>\n\t<meta property=\"og:image:type\" content=\"image\/png\" \/>\n<meta name=\"twitter:card\" content=\"summary_large_image\" \/>\n<meta name=\"twitter:label1\" content=\"Est. reading time\" \/>\n\t<meta name=\"twitter:data1\" content=\"3 minutes\" \/>\n<script type=\"application\/ld+json\" class=\"yoast-schema-graph\">{\"@context\":\"https:\/\/schema.org\",\"@graph\":[{\"@type\":\"WebPage\",\"@id\":\"https:\/\/amarsushibar.com\/en\/take-away\/\",\"url\":\"https:\/\/amarsushibar.com\/en\/take-away\/\",\"name\":\"Take Away | Sushi & Meeresfr\u00fcchte AMAR in Palma\",\"isPartOf\":{\"@id\":\"https:\/\/amarsushibar.com\/en\/#website\"},\"primaryImageOfPage\":{\"@id\":\"https:\/\/amarsushibar.com\/en\/take-away\/#primaryimage\"},\"image\":{\"@id\":\"https:\/\/amarsushibar.com\/en\/take-away\/#primaryimage\"},\"thumbnailUrl\":\"https:\/\/amarsushibar.com\/wp-content\/uploads\/2024\/12\/amar-sushibar-catering.png\",\"datePublished\":\"2021-05-10T10:17:10+00:00\",\"dateModified\":\"2025-08-10T13:52:13+00:00\",\"description\":\"Genie\u00dfen Sie frisches Sushi und Meeresfr\u00fcchte zum Mitnehmen bei AMAR, Mercat de Santa Catalina, Palma. Frische und k\u00f6stliche Gerichte zum Mitnehmen.\",\"breadcrumb\":{\"@id\":\"https:\/\/amarsushibar.com\/en\/take-away\/#breadcrumb\"},\"inLanguage\":\"en-US\",\"potentialAction\":[{\"@type\":\"ReadAction\",\"target\":[\"https:\/\/amarsushibar.com\/en\/take-away\/\"]}]},{\"@type\":\"ImageObject\",\"inLanguage\":\"en-US\",\"@id\":\"https:\/\/amarsushibar.com\/en\/take-away\/#primaryimage\",\"url\":\"https:\/\/amarsushibar.com\/wp-content\/uploads\/2024\/12\/amar-sushibar-catering.png\",\"contentUrl\":\"https:\/\/amarsushibar.com\/wp-content\/uploads\/2024\/12\/amar-sushibar-catering.png\",\"width\":1080,\"height\":1080,\"caption\":\"Amar sushibar catering\"},{\"@type\":\"BreadcrumbList\",\"@id\":\"https:\/\/amarsushibar.com\/en\/take-away\/#breadcrumb\",\"itemListElement\":[{\"@type\":\"ListItem\",\"position\":1,\"name\":\"Portada\",\"item\":\"https:\/\/amarsushibar.com\/en\/\"},{\"@type\":\"ListItem\",\"position\":2,\"name\":\"Take away\"}]},{\"@type\":\"WebSite\",\"@id\":\"https:\/\/amarsushibar.com\/en\/#website\",\"url\":\"https:\/\/amarsushibar.com\/en\/\",\"name\":\"AMAR Sushi Bar\",\"description\":\"Disfruta de los sabores frescos del mar en AMAR Sushi Bar: sushi artesanal, ostras, ceviche y m\u00e1s, con mariscos del mercado, acompa\u00f1ados de una cuidada selecci\u00f3n de vinos y un ambiente vibrante.\",\"publisher\":{\"@id\":\"https:\/\/amarsushibar.com\/en\/#organization\"},\"potentialAction\":[{\"@type\":\"SearchAction\",\"target\":{\"@type\":\"EntryPoint\",\"urlTemplate\":\"https:\/\/amarsushibar.com\/en\/?s={search_term_string}\"},\"query-input\":{\"@type\":\"PropertyValueSpecification\",\"valueRequired\":true,\"valueName\":\"search_term_string\"}}],\"inLanguage\":\"en-US\"},{\"@type\":\"Organization\",\"@id\":\"https:\/\/amarsushibar.com\/en\/#organization\",\"name\":\"AMAR Sushi Bar\",\"url\":\"https:\/\/amarsushibar.com\/en\/\",\"logo\":{\"@type\":\"ImageObject\",\"inLanguage\":\"en-US\",\"@id\":\"https:\/\/amarsushibar.com\/en\/#\/schema\/logo\/image\/\",\"url\":\"https:\/\/amarsushibar.com\/wp-content\/uploads\/2024\/10\/logo-amar-sushibar.png\",\"contentUrl\":\"https:\/\/amarsushibar.com\/wp-content\/uploads\/2024\/10\/logo-amar-sushibar.png\",\"width\":512,\"height\":441,\"caption\":\"AMAR Sushi Bar\"},\"image\":{\"@id\":\"https:\/\/amarsushibar.com\/en\/#\/schema\/logo\/image\/\"},\"sameAs\":[\"https:\/\/www.instagram.com\/amar_sushibar\"]}]}<\/script>\n<!-- \/ Yoast SEO plugin. -->","yoast_head_json":{"title":"Take Away | Sushi & Meeresfr\u00fcchte AMAR in Palma","description":"Genie\u00dfen Sie frisches Sushi und Meeresfr\u00fcchte zum Mitnehmen bei AMAR, Mercat de Santa Catalina, Palma. Frische und k\u00f6stliche Gerichte zum Mitnehmen.","robots":{"index":"index","follow":"follow","max-snippet":"max-snippet:-1","max-image-preview":"max-image-preview:large","max-video-preview":"max-video-preview:-1"},"canonical":"https:\/\/amarsushibar.com\/en\/take-away\/","og_locale":"en_US","og_type":"article","og_title":"Take Away | Sushi & Meeresfr\u00fcchte AMAR in Palma","og_description":"Genie\u00dfen Sie frisches Sushi und Meeresfr\u00fcchte zum Mitnehmen bei AMAR, Mercat de Santa Catalina, Palma. Frische und k\u00f6stliche Gerichte zum Mitnehmen.","og_url":"https:\/\/amarsushibar.com\/en\/take-away\/","og_site_name":"AMAR Sushi Bar","article_modified_time":"2025-08-10T13:52:13+00:00","og_image":[{"width":1080,"height":1080,"url":"https:\/\/amarsushibar.com\/wp-content\/uploads\/2024\/12\/amar-sushibar-catering.png","type":"image\/png"}],"twitter_card":"summary_large_image","twitter_misc":{"Est. reading time":"3 minutes"},"schema":{"@context":"https:\/\/schema.org","@graph":[{"@type":"WebPage","@id":"https:\/\/amarsushibar.com\/en\/take-away\/","url":"https:\/\/amarsushibar.com\/en\/take-away\/","name":"Take Away | Sushi & Meeresfr\u00fcchte AMAR in Palma","isPartOf":{"@id":"https:\/\/amarsushibar.com\/en\/#website"},"primaryImageOfPage":{"@id":"https:\/\/amarsushibar.com\/en\/take-away\/#primaryimage"},"image":{"@id":"https:\/\/amarsushibar.com\/en\/take-away\/#primaryimage"},"thumbnailUrl":"https:\/\/amarsushibar.com\/wp-content\/uploads\/2024\/12\/amar-sushibar-catering.png","datePublished":"2021-05-10T10:17:10+00:00","dateModified":"2025-08-10T13:52:13+00:00","description":"Genie\u00dfen Sie frisches Sushi und Meeresfr\u00fcchte zum Mitnehmen bei AMAR, Mercat de Santa Catalina, Palma. Frische und k\u00f6stliche Gerichte zum Mitnehmen.","breadcrumb":{"@id":"https:\/\/amarsushibar.com\/en\/take-away\/#breadcrumb"},"inLanguage":"en-US","potentialAction":[{"@type":"ReadAction","target":["https:\/\/amarsushibar.com\/en\/take-away\/"]}]},{"@type":"ImageObject","inLanguage":"en-US","@id":"https:\/\/amarsushibar.com\/en\/take-away\/#primaryimage","url":"https:\/\/amarsushibar.com\/wp-content\/uploads\/2024\/12\/amar-sushibar-catering.png","contentUrl":"https:\/\/amarsushibar.com\/wp-content\/uploads\/2024\/12\/amar-sushibar-catering.png","width":1080,"height":1080,"caption":"Amar sushibar catering"},{"@type":"BreadcrumbList","@id":"https:\/\/amarsushibar.com\/en\/take-away\/#breadcrumb","itemListElement":[{"@type":"ListItem","position":1,"name":"Portada","item":"https:\/\/amarsushibar.com\/en\/"},{"@type":"ListItem","position":2,"name":"Take away"}]},{"@type":"WebSite","@id":"https:\/\/amarsushibar.com\/en\/#website","url":"https:\/\/amarsushibar.com\/en\/","name":"AMAR Sushi Bar","description":"Disfruta de los sabores frescos del mar en AMAR Sushi Bar: sushi artesanal, ostras, ceviche y m\u00e1s, con mariscos del mercado, acompa\u00f1ados de una cuidada selecci\u00f3n de vinos y un ambiente vibrante.","publisher":{"@id":"https:\/\/amarsushibar.com\/en\/#organization"},"potentialAction":[{"@type":"SearchAction","target":{"@type":"EntryPoint","urlTemplate":"https:\/\/amarsushibar.com\/en\/?s={search_term_string}"},"query-input":{"@type":"PropertyValueSpecification","valueRequired":true,"valueName":"search_term_string"}}],"inLanguage":"en-US"},{"@type":"Organization","@id":"https:\/\/amarsushibar.com\/en\/#organization","name":"AMAR Sushi Bar","url":"https:\/\/amarsushibar.com\/en\/","logo":{"@type":"ImageObject","inLanguage":"en-US","@id":"https:\/\/amarsushibar.com\/en\/#\/schema\/logo\/image\/","url":"https:\/\/amarsushibar.com\/wp-content\/uploads\/2024\/10\/logo-amar-sushibar.png","contentUrl":"https:\/\/amarsushibar.com\/wp-content\/uploads\/2024\/10\/logo-amar-sushibar.png","width":512,"height":441,"caption":"AMAR Sushi Bar"},"image":{"@id":"https:\/\/amarsushibar.com\/en\/#\/schema\/logo\/image\/"},"sameAs":["https:\/\/www.instagram.com\/amar_sushibar"]}]}},"_links":{"self":[{"href":"https:\/\/amarsushibar.com\/en\/wp-json\/wp\/v2\/pages\/5185","targetHints":{"allow":["GET"]}}],"collection":[{"href":"https:\/\/amarsushibar.com\/en\/wp-json\/wp\/v2\/pages"}],"about":[{"href":"https:\/\/amarsushibar.com\/en\/wp-json\/wp\/v2\/types\/page"}],"author":[{"embeddable":true,"href":"https:\/\/amarsushibar.com\/en\/wp-json\/wp\/v2\/users\/1"}],"replies":[{"embeddable":true,"href":"https:\/\/amarsushibar.com\/en\/wp-json\/wp\/v2\/comments?post=5185"}],"version-history":[{"count":6,"href":"https:\/\/amarsushibar.com\/en\/wp-json\/wp\/v2\/pages\/5185\/revisions"}],"predecessor-version":[{"id":5338,"href":"https:\/\/amarsushibar.com\/en\/wp-json\/wp\/v2\/pages\/5185\/revisions\/5338"}],"wp:featuredmedia":[{"embeddable":true,"href":"https:\/\/amarsushibar.com\/en\/wp-json\/wp\/v2\/media\/5342"}],"wp:attachment":[{"href":"https:\/\/amarsushibar.com\/en\/wp-json\/wp\/v2\/media?parent=5185"}],"curies":[{"name":"wp","href":"https:\/\/api.w.org\/{rel}","templated":true}]}}